{"id":2670,"date":"2023-11-17T09:13:26","date_gmt":"2023-11-17T09:13:26","guid":{"rendered":"http:\/\/berns.se\/?page_id=2670"},"modified":"2025-11-27T12:01:44","modified_gmt":"2025-11-27T12:01:44","slug":"utforska","status":"publish","type":"page","link":"https:\/\/berns.se\/sv\/whats-on\/utforska\/","title":{"rendered":"Utforska"},"content":{"rendered":"<p><a href=\"https:\/\/berns.se\/sv\/restaurants\/griffins\/\" target=\"_self\" rel=\"noopener\">Innanf\u00f6r Waterfronts lite kantiga fasad \u00e4r det desto lekfullare. Bland mjuka sammatsstolar, djupa soffor och en livlig bar \u00e4r det l\u00e4tt att k\u00e4nna sig hemma. Griffins&#8217; v\u00e4lkomnar er fr\u00e5n f\u00f6rmiddag till sen kv\u00e4ll.<\/a><\/p>\n","protected":false},"excerpt":{"rendered":"<p>Innanf\u00f6r Waterfronts lite kantiga fasad \u00e4r det desto lekfullare. Bland mjuka sammatsstolar, djupa soffor och en livlig bar \u00e4r det&#8230;<\/p>\n","protected":false},"author":2,"featured_media":0,"parent":3227,"menu_order":0,"comment_status":"closed","ping_status":"closed","template":"","meta":{"_acf_changed":false,"om_disable_all_campaigns":false,"footnotes":""},"class_list":["post-2670","page","type-page","status-publish","hentry"],"acf":[],"_links":{"self":[{"href":"https:\/\/berns.se\/sv\/wp-json\/wp\/v2\/pages\/2670","targetHints":{"allow":["GET"]}}],"collection":[{"href":"https:\/\/berns.se\/sv\/wp-json\/wp\/v2\/pages"}],"about":[{"href":"https:\/\/berns.se\/sv\/wp-json\/wp\/v2\/types\/page"}],"author":[{"embeddable":true,"href":"https:\/\/berns.se\/sv\/wp-json\/wp\/v2\/users\/2"}],"replies":[{"embeddable":true,"href":"https:\/\/berns.se\/sv\/wp-json\/wp\/v2\/comments?post=2670"}],"version-history":[{"count":1,"href":"https:\/\/berns.se\/sv\/wp-json\/wp\/v2\/pages\/2670\/revisions"}],"predecessor-version":[{"id":11079,"href":"https:\/\/berns.se\/sv\/wp-json\/wp\/v2\/pages\/2670\/revisions\/11079"}],"up":[{"embeddable":true,"href":"https:\/\/berns.se\/sv\/wp-json\/wp\/v2\/pages\/3227"}],"wp:attachment":[{"href":"https:\/\/berns.se\/sv\/wp-json\/wp\/v2\/media?parent=2670"}],"curies":[{"name":"wp","href":"https:\/\/api.w.org\/{rel}","templated":true}]}}